{"id":16650,"date":"2020-02-24T22:15:15","date_gmt":"2020-02-24T21:15:15","guid":{"rendered":"https:\/\/demo01.houzez.co\/?page_id=16650"},"modified":"2024-09-24T18:15:13","modified_gmt":"2024-09-24T22:15:13","slug":"nosotros","status":"publish","type":"page","link":"https:\/\/www.inmobiliarianavarro.com.py\/?page_id=16650","title":{"rendered":"Nosotros"},"content":{"rendered":"\t\t<div data-elementor-type=\"wp-page\" data-elementor-id=\"16650\" class=\"elementor elementor-16650\" data-elementor-post-type=\"page\">\n\t\t\t\t\t\t<section class=\"elementor-section elementor-top-section elementor-element elementor-element-5b81e21 elementor-section-height-min-height animated-slow elementor-section-boxed elementor-section-height-default elementor-section-items-middle elementor-invisible\" data-id=\"5b81e21\" data-element_type=\"section\" data-settings=\"{&quot;background_background&quot;:&quot;classic&quot;,&quot;animation&quot;:&quot;fadeIn&quot;}\">\n\t\t\t\t\t\t\t<div class=\"elementor-background-overlay\"><\/div>\n\t\t\t\t\t\t\t<div class=\"elementor-container elementor-column-gap-default\">\n\t\t\t\t\t<div class=\"elementor-column elementor-col-100 elementor-top-column elementor-element elementor-element-ad367f8\" data-id=\"ad367f8\" data-element_type=\"column\">\n\t\t\t<div class=\"elementor-widget-wrap elementor-element-populated\">\n\t\t\t\t\t\t<div class=\"elementor-element elementor-element-0e7939f elementor-widget elementor-widget-heading\" data-id=\"0e7939f\" data-element_type=\"widget\" data-widget_type=\"heading.default\">\n\t\t\t\t<div class=\"elementor-widget-container\">\n\t\t\t<h1 class=\"elementor-heading-title elementor-size-default\">Acerca de Nosotros<\/h1>\t\t<\/div>\n\t\t\t\t<\/div>\n\t\t\t\t\t<\/div>\n\t\t<\/div>\n\t\t\t\t\t<\/div>\n\t\t<\/section>\n\t\t\t\t<section class=\"elementor-section elementor-top-section elementor-element elementor-element-09038dc elementor-section-boxed elementor-section-height-default elementor-section-height-default\" data-id=\"09038dc\" data-element_type=\"section\" data-settings=\"{&quot;background_background&quot;:&quot;classic&quot;}\">\n\t\t\t\t\t\t<div class=\"elementor-container elementor-column-gap-default\">\n\t\t\t\t\t<div class=\"elementor-column elementor-col-100 elementor-top-column elementor-element elementor-element-c8278ac\" data-id=\"c8278ac\" data-element_type=\"column\">\n\t\t\t<div class=\"elementor-widget-wrap elementor-element-populated\">\n\t\t\t\t\t\t<div class=\"elementor-element elementor-element-3271868 elementor-widget elementor-widget-spacer\" data-id=\"3271868\" data-element_type=\"widget\" data-widget_type=\"spacer.default\">\n\t\t\t\t<div class=\"elementor-widget-container\">\n\t\t\t\t\t<div class=\"elementor-spacer\">\n\t\t\t<div class=\"elementor-spacer-inner\"><\/div>\n\t\t<\/div>\n\t\t\t\t<\/div>\n\t\t\t\t<\/div>\n\t\t\t\t<div class=\"elementor-element elementor-element-e7372b6 animated-slow elementor-invisible elementor-widget elementor-widget-houzez_elementor_section_title\" data-id=\"e7372b6\" data-element_type=\"widget\" data-settings=\"{&quot;_animation&quot;:&quot;fadeIn&quot;}\" data-widget_type=\"houzez_elementor_section_title.default\">\n\t\t\t\t<div class=\"elementor-widget-container\">\n\t\t\t            <div class=\"houzez_section_title_wrap section-title-module\">\n                                    <h2 class=\"houzez_section_title\">GESTION INMOBILIARIA NAVARRO\n<\/h2>\n                \n                            <\/div>\n            \t\t<\/div>\n\t\t\t\t<\/div>\n\t\t\t\t<div class=\"elementor-element elementor-element-69fe9b8 elementor-widget__width-initial elementor-widget elementor-widget-text-editor\" data-id=\"69fe9b8\" data-element_type=\"widget\" data-widget_type=\"text-editor.default\">\n\t\t\t\t<div class=\"elementor-widget-container\">\n\t\t\t\t\t\t\t<p class=\"colored\">Es una empresa dedicada a la Administraci\u00f3n y Ventas de Propiedades. Ofrecemos t\u00e9cnicas de negocio inmobiliario, respondiendo con eficiencia. Un componente fundamental es nuestro compromiso permanente, que asegura la calidad de nuestros servicios y la m\u00e1xima satisfacci\u00f3n de nuestros clientes.<\/p>\t\t\t\t\t\t<\/div>\n\t\t\t\t<\/div>\n\t\t\t\t<div class=\"elementor-element elementor-element-89a95a6 elementor-widget elementor-widget-spacer\" data-id=\"89a95a6\" data-element_type=\"widget\" data-widget_type=\"spacer.default\">\n\t\t\t\t<div class=\"elementor-widget-container\">\n\t\t\t\t\t<div class=\"elementor-spacer\">\n\t\t\t<div class=\"elementor-spacer-inner\"><\/div>\n\t\t<\/div>\n\t\t\t\t<\/div>\n\t\t\t\t<\/div>\n\t\t\t\t\t<\/div>\n\t\t<\/div>\n\t\t\t\t\t<\/div>\n\t\t<\/section>\n\t\t<div class=\"elementor-element elementor-element-c30131f e-flex e-con-boxed e-con e-parent\" data-id=\"c30131f\" data-element_type=\"container\" data-settings=\"{&quot;background_background&quot;:&quot;classic&quot;}\">\n\t\t\t\t\t<div class=\"e-con-inner\">\n\t\t<div class=\"elementor-element elementor-element-ff2199b e-con-full e-flex e-con e-child\" data-id=\"ff2199b\" data-element_type=\"container\">\n\t\t\t\t<div class=\"elementor-element elementor-element-b345816 elementor-widget elementor-widget-heading\" data-id=\"b345816\" data-element_type=\"widget\" data-widget_type=\"heading.default\">\n\t\t\t\t<div class=\"elementor-widget-container\">\n\t\t\t<h3 class=\"elementor-heading-title elementor-size-default\">Misi\u00f3n<\/h3>\t\t<\/div>\n\t\t\t\t<\/div>\n\t\t\t\t<div class=\"elementor-element elementor-element-9846cdb elementor-widget elementor-widget-text-editor\" data-id=\"9846cdb\" data-element_type=\"widget\" data-widget_type=\"text-editor.default\">\n\t\t\t\t<div class=\"elementor-widget-container\">\n\t\t\t\t\t\t\t<p>Ofrecer servicios de administraci\u00f3n y ventas de propiedades, brindando seguridad y tranquilidad a nuestros clientes. Nuestra misi\u00f3n es trabajar con esfuerzo y dedicaci\u00f3n para que nuestros clientes tengan un servicio eficiente, innovador con alta calidad de trabajo.<\/p>\t\t\t\t\t\t<\/div>\n\t\t\t\t<\/div>\n\t\t\t\t<\/div>\n\t\t<div class=\"elementor-element elementor-element-3f1f22c e-con-full e-flex e-con e-child\" data-id=\"3f1f22c\" data-element_type=\"container\">\n\t\t\t\t<div class=\"elementor-element elementor-element-709b91f elementor-widget elementor-widget-heading\" data-id=\"709b91f\" data-element_type=\"widget\" data-widget_type=\"heading.default\">\n\t\t\t\t<div class=\"elementor-widget-container\">\n\t\t\t<h2 class=\"elementor-heading-title elementor-size-default\">Visi\u00f3n<\/h2>\t\t<\/div>\n\t\t\t\t<\/div>\n\t\t\t\t<div class=\"elementor-element elementor-element-d217177 elementor-widget elementor-widget-text-editor\" data-id=\"d217177\" data-element_type=\"widget\" data-widget_type=\"text-editor.default\">\n\t\t\t\t<div class=\"elementor-widget-container\">\n\t\t\t\t\t\t\t<p>Ser la mejor opci\u00f3n como empresa inmobiliaria, superando las expectativas de nuestros clientes, generando calidad, responsabilidad, honestidad y eficacia.<\/p>\t\t\t\t\t\t<\/div>\n\t\t\t\t<\/div>\n\t\t\t\t<\/div>\n\t\t\t\t\t<\/div>\n\t\t\t\t<\/div>\n\t\t\t\t<section class=\"elementor-section elementor-top-section elementor-element elementor-element-fc78338 elementor-section-boxed elementor-section-height-default elementor-section-height-default\" data-id=\"fc78338\" data-element_type=\"section\" data-settings=\"{&quot;background_background&quot;:&quot;classic&quot;}\">\n\t\t\t\t\t\t<div class=\"elementor-container elementor-column-gap-default\">\n\t\t\t\t\t<div class=\"elementor-column elementor-col-100 elementor-top-column elementor-element elementor-element-50dc01c\" data-id=\"50dc01c\" data-element_type=\"column\">\n\t\t\t<div class=\"elementor-widget-wrap elementor-element-populated\">\n\t\t\t\t\t\t<div class=\"elementor-element elementor-element-1f9f780 elementor-widget elementor-widget-spacer\" data-id=\"1f9f780\" data-element_type=\"widget\" data-widget_type=\"spacer.default\">\n\t\t\t\t<div class=\"elementor-widget-container\">\n\t\t\t\t\t<div class=\"elementor-spacer\">\n\t\t\t<div class=\"elementor-spacer-inner\"><\/div>\n\t\t<\/div>\n\t\t\t\t<\/div>\n\t\t\t\t<\/div>\n\t\t\t\t<div class=\"elementor-element elementor-element-65f1be3 animated-slow elementor-invisible elementor-widget elementor-widget-houzez_elementor_section_title\" data-id=\"65f1be3\" data-element_type=\"widget\" data-settings=\"{&quot;_animation&quot;:&quot;fadeIn&quot;}\" data-widget_type=\"houzez_elementor_section_title.default\">\n\t\t\t\t<div class=\"elementor-widget-container\">\n\t\t\t            <div class=\"houzez_section_title_wrap section-title-module\">\n                                    <h2 class=\"houzez_section_title\">Servicios<\/h2>\n                \n                                    <p class=\"houzez_section_subtitle\">Estos son algunos de los servicios que ofrecemos<\/p>\n                            <\/div>\n            \t\t<\/div>\n\t\t\t\t<\/div>\n\t\t\t\t\t<\/div>\n\t\t<\/div>\n\t\t\t\t\t<\/div>\n\t\t<\/section>\n\t\t<div class=\"elementor-element elementor-element-70e1745 e-flex e-con-boxed e-con e-parent\" data-id=\"70e1745\" data-element_type=\"container\" data-settings=\"{&quot;background_background&quot;:&quot;classic&quot;}\">\n\t\t\t\t\t<div class=\"e-con-inner\">\n\t\t<div class=\"elementor-element elementor-element-0906563 e-con-full e-flex e-con e-child\" data-id=\"0906563\" data-element_type=\"container\">\n\t\t\t\t<div class=\"elementor-element elementor-element-002a204 elementor-widget elementor-widget-image\" data-id=\"002a204\" data-element_type=\"widget\" data-widget_type=\"image.default\">\n\t\t\t\t<div class=\"elementor-widget-container\">\n\t\t\t\t\t\t\t\t\t\t\t\t\t<img fetchpriority=\"high\" decoding=\"async\" width=\"1024\" height=\"576\" src=\"https:\/\/www.inmobiliarianavarro.com.py\/wp-content\/uploads\/2024\/09\/IMG-20240729-WA0006-1024x576.jpg\" class=\"attachment-large size-large wp-image-17711\" alt=\"\" srcset=\"https:\/\/www.inmobiliarianavarro.com.py\/wp-content\/uploads\/2024\/09\/IMG-20240729-WA0006-1024x576.jpg 1024w, https:\/\/www.inmobiliarianavarro.com.py\/wp-content\/uploads\/2024\/09\/IMG-20240729-WA0006-300x169.jpg 300w, https:\/\/www.inmobiliarianavarro.com.py\/wp-content\/uploads\/2024\/09\/IMG-20240729-WA0006-768x432.jpg 768w, https:\/\/www.inmobiliarianavarro.com.py\/wp-content\/uploads\/2024\/09\/IMG-20240729-WA0006-1536x864.jpg 1536w, https:\/\/www.inmobiliarianavarro.com.py\/wp-content\/uploads\/2024\/09\/IMG-20240729-WA0006-1067x600.jpg 1067w, https:\/\/www.inmobiliarianavarro.com.py\/wp-content\/uploads\/2024\/09\/IMG-20240729-WA0006-496x279.jpg 496w, https:\/\/www.inmobiliarianavarro.com.py\/wp-content\/uploads\/2024\/09\/IMG-20240729-WA0006.jpg 1600w\" sizes=\"(max-width: 1024px) 100vw, 1024px\" \/>\t\t\t\t\t\t\t\t\t\t\t\t\t<\/div>\n\t\t\t\t<\/div>\n\t\t\t\t<div class=\"elementor-element elementor-element-3adc747 elementor-widget elementor-widget-heading\" data-id=\"3adc747\" data-element_type=\"widget\" data-widget_type=\"heading.default\">\n\t\t\t\t<div class=\"elementor-widget-container\">\n\t\t\t<h2 class=\"elementor-heading-title elementor-size-default\">Alquiler de Inmuebles<\/h2>\t\t<\/div>\n\t\t\t\t<\/div>\n\t\t\t\t<div class=\"elementor-element elementor-element-fb66c79 elementor-widget elementor-widget-text-editor\" data-id=\"fb66c79\" data-element_type=\"widget\" data-widget_type=\"text-editor.default\">\n\t\t\t\t<div class=\"elementor-widget-container\">\n\t\t\t\t\t\t\t<p>Ofrecemos su inmueble en alquiler, te asesoramos con el precio de tu inmueble, gestionamos la b\u00fasqueda y obtenci\u00f3n de inquilinos, atendemos y recibimos a los interesados, acompa\u00f1amos con visitas recepcionamos las solicitudes de los posibles locatarios y sus garantes, realizamos un estudio minucioso de las documentaciones y los antecedentes en Informconf, referencias laborales, comerciales y personales, elaboramos el contratos de alquiler y el inventario del inmueble necesarios para una renta confiable.<\/p>\t\t\t\t\t\t<\/div>\n\t\t\t\t<\/div>\n\t\t\t\t<\/div>\n\t\t<div class=\"elementor-element elementor-element-686fe83 e-con-full e-flex e-con e-child\" data-id=\"686fe83\" data-element_type=\"container\">\n\t\t\t\t<div class=\"elementor-element elementor-element-406dcd1 elementor-widget elementor-widget-image\" data-id=\"406dcd1\" data-element_type=\"widget\" data-widget_type=\"image.default\">\n\t\t\t\t<div class=\"elementor-widget-container\">\n\t\t\t\t\t\t\t\t\t\t\t\t\t<img decoding=\"async\" width=\"1024\" height=\"563\" src=\"https:\/\/www.inmobiliarianavarro.com.py\/wp-content\/uploads\/2024\/09\/IMG-20240729-WA0004-1024x563.jpg\" class=\"attachment-large size-large wp-image-17731\" alt=\"\" srcset=\"https:\/\/www.inmobiliarianavarro.com.py\/wp-content\/uploads\/2024\/09\/IMG-20240729-WA0004-1024x563.jpg 1024w, https:\/\/www.inmobiliarianavarro.com.py\/wp-content\/uploads\/2024\/09\/IMG-20240729-WA0004-300x165.jpg 300w, https:\/\/www.inmobiliarianavarro.com.py\/wp-content\/uploads\/2024\/09\/IMG-20240729-WA0004-768x422.jpg 768w, https:\/\/www.inmobiliarianavarro.com.py\/wp-content\/uploads\/2024\/09\/IMG-20240729-WA0004-1536x845.jpg 1536w, https:\/\/www.inmobiliarianavarro.com.py\/wp-content\/uploads\/2024\/09\/IMG-20240729-WA0004-1091x600.jpg 1091w, https:\/\/www.inmobiliarianavarro.com.py\/wp-content\/uploads\/2024\/09\/IMG-20240729-WA0004-496x273.jpg 496w, https:\/\/www.inmobiliarianavarro.com.py\/wp-content\/uploads\/2024\/09\/IMG-20240729-WA0004.jpg 1600w\" sizes=\"(max-width: 1024px) 100vw, 1024px\" \/>\t\t\t\t\t\t\t\t\t\t\t\t\t<\/div>\n\t\t\t\t<\/div>\n\t\t\t\t<div class=\"elementor-element elementor-element-f708d23 elementor-widget elementor-widget-heading\" data-id=\"f708d23\" data-element_type=\"widget\" data-widget_type=\"heading.default\">\n\t\t\t\t<div class=\"elementor-widget-container\">\n\t\t\t<h2 class=\"elementor-heading-title elementor-size-default\">Servicios de Administraci\u00f3n<\/h2>\t\t<\/div>\n\t\t\t\t<\/div>\n\t\t\t\t<div class=\"elementor-element elementor-element-c8fb2f0 elementor-widget elementor-widget-text-editor\" data-id=\"c8fb2f0\" data-element_type=\"widget\" data-widget_type=\"text-editor.default\">\n\t\t\t\t<div class=\"elementor-widget-container\">\n\t\t\t\t\t\t\t<p>Nos encargamos de la administraci\u00f3n de su inmueble, confeccionamos todos los contratos de alquileres necesarios para la buena marcha de la administraci\u00f3n y el cumplimiento de los mismos, gestionamos la renovaci\u00f3n o resoluci\u00f3n de los contratos, realizamos una verificaci\u00f3n peri\u00f3dica de las condiciones generales y mantenimiento del inmueble locado. Exigimos a los inquilinos el pago regular de las cuotas del alquiler y de los servicios b\u00e1sicos. Mensualmente presentamos a los propietarios en fecha acordada la rendici\u00f3n con los detalles de las cobranzas realizadas. Nos ocupamos de la limpieza de \u00e1reas comunes, pagos de servicios p\u00fablicos de las \u00e1reas comunes, contamos con personal de mantenimiento en caso de ser necesario. Nos enfatizamos en brindar seguridad manteniendo satisfechos a nuestros clientes, conocemos las herramientas legales que necesitas.<\/p>\t\t\t\t\t\t<\/div>\n\t\t\t\t<\/div>\n\t\t\t\t<\/div>\n\t\t<div class=\"elementor-element elementor-element-818c608 e-con-full e-flex e-con e-child\" data-id=\"818c608\" data-element_type=\"container\">\n\t\t\t\t<div class=\"elementor-element elementor-element-94a3fa7 elementor-widget elementor-widget-image\" data-id=\"94a3fa7\" data-element_type=\"widget\" data-widget_type=\"image.default\">\n\t\t\t\t<div class=\"elementor-widget-container\">\n\t\t\t\t\t\t\t\t\t\t\t\t\t<img decoding=\"async\" width=\"1024\" height=\"563\" src=\"https:\/\/www.inmobiliarianavarro.com.py\/wp-content\/uploads\/2024\/09\/IMG-20240729-WA0007-1024x563.jpg\" class=\"attachment-large size-large wp-image-17781\" alt=\"\" srcset=\"https:\/\/www.inmobiliarianavarro.com.py\/wp-content\/uploads\/2024\/09\/IMG-20240729-WA0007-1024x563.jpg 1024w, https:\/\/www.inmobiliarianavarro.com.py\/wp-content\/uploads\/2024\/09\/IMG-20240729-WA0007-300x165.jpg 300w, https:\/\/www.inmobiliarianavarro.com.py\/wp-content\/uploads\/2024\/09\/IMG-20240729-WA0007-768x422.jpg 768w, https:\/\/www.inmobiliarianavarro.com.py\/wp-content\/uploads\/2024\/09\/IMG-20240729-WA0007-1536x845.jpg 1536w, https:\/\/www.inmobiliarianavarro.com.py\/wp-content\/uploads\/2024\/09\/IMG-20240729-WA0007-1091x600.jpg 1091w, https:\/\/www.inmobiliarianavarro.com.py\/wp-content\/uploads\/2024\/09\/IMG-20240729-WA0007-496x273.jpg 496w, https:\/\/www.inmobiliarianavarro.com.py\/wp-content\/uploads\/2024\/09\/IMG-20240729-WA0007.jpg 1600w\" sizes=\"(max-width: 1024px) 100vw, 1024px\" \/>\t\t\t\t\t\t\t\t\t\t\t\t\t<\/div>\n\t\t\t\t<\/div>\n\t\t\t\t<div class=\"elementor-element elementor-element-5dc4844 elementor-widget elementor-widget-heading\" data-id=\"5dc4844\" data-element_type=\"widget\" data-widget_type=\"heading.default\">\n\t\t\t\t<div class=\"elementor-widget-container\">\n\t\t\t<h2 class=\"elementor-heading-title elementor-size-default\">Venta de Inmuebles<\/h2>\t\t<\/div>\n\t\t\t\t<\/div>\n\t\t\t\t<div class=\"elementor-element elementor-element-aee87e4 elementor-widget elementor-widget-text-editor\" data-id=\"aee87e4\" data-element_type=\"widget\" data-widget_type=\"text-editor.default\">\n\t\t\t\t<div class=\"elementor-widget-container\">\n\t\t\t\t\t\t\t<p>Nuestra labor inicia visitando el inmueble en venta, recabamos la informaci\u00f3n y los detalles del inmueble y realizamos la debida promoci\u00f3n para que el mismo se venda en la brevedad posible. Realizamos publicaciones en diversos portales y redes sociales para llegar a la audiencia. Contamos con una amplia cartera de clientes. Atendemos y recibimos a los interesados, acompa\u00f1amos con visitas guiadas por la propiedad destacando cu\u00e1les son los puntos m\u00e1s atractivos del inmueble. Contamos con peritos profesionales que pueden realizar el servicio de tasaci\u00f3n, como agentes tambi\u00e9n realizamos una evaluaci\u00f3n del inmueble para brindarle al cliente el valor estimativo de su propiedad. Te acompa\u00f1amos y asesoramos durante todo el proceso de venta, con los tr\u00e1mites legales y de escriban\u00eda. Te ofrecemos la seguridad y tranquilidad de un trato serio.<\/p>\t\t\t\t\t\t<\/div>\n\t\t\t\t<\/div>\n\t\t\t\t<\/div>\n\t\t\t\t\t<\/div>\n\t\t\t\t<\/div>\n\t\t<div class=\"elementor-element elementor-element-d9c075b e-flex e-con-boxed e-con e-parent\" data-id=\"d9c075b\" data-element_type=\"container\" data-settings=\"{&quot;background_background&quot;:&quot;classic&quot;}\">\n\t\t\t\t\t<div class=\"e-con-inner\">\n\t\t\t\t<div class=\"elementor-element elementor-element-bad21f3 elementor-widget elementor-widget-spacer\" data-id=\"bad21f3\" data-element_type=\"widget\" data-widget_type=\"spacer.default\">\n\t\t\t\t<div class=\"elementor-widget-container\">\n\t\t\t\t\t<div class=\"elementor-spacer\">\n\t\t\t<div class=\"elementor-spacer-inner\"><\/div>\n\t\t<\/div>\n\t\t\t\t<\/div>\n\t\t\t\t<\/div>\n\t\t\t\t\t<\/div>\n\t\t\t\t<\/div>\n\t\t\t\t<\/div>\n\t\t","protected":false},"excerpt":{"rendered":"<p>Acerca de Nosotros GESTION INMOBILIARIA NAVARRO Es una empresa dedicada a la Administraci\u00f3n y Ventas de Propiedades. Ofrecemos t\u00e9cnicas de negocio inmobiliario, respondiendo con eficiencia. Un componente fundamental es nuestro compromiso permanente, que asegura la calidad de nuestros servicios y la m\u00e1xima satisfacci\u00f3n de nuestros clientes. Misi\u00f3n Ofrecer servicios de administraci\u00f3n y ventas de propiedades, [&hellip;]<\/p>\n","protected":false},"author":1,"featured_media":0,"parent":0,"menu_order":0,"comment_status":"closed","ping_status":"closed","template":"template\/template-homepage.php","meta":{"inline_featured_image":false,"footnotes":""},"class_list":["post-16650","page","type-page","status-publish","hentry"],"_links":{"self":[{"href":"https:\/\/www.inmobiliarianavarro.com.py\/index.php?rest_route=\/wp\/v2\/pages\/16650","targetHints":{"allow":["GET"]}}],"collection":[{"href":"https:\/\/www.inmobiliarianavarro.com.py\/index.php?rest_route=\/wp\/v2\/pages"}],"about":[{"href":"https:\/\/www.inmobiliarianavarro.com.py\/index.php?rest_route=\/wp\/v2\/types\/page"}],"author":[{"embeddable":true,"href":"https:\/\/www.inmobiliarianavarro.com.py\/index.php?rest_route=\/wp\/v2\/users\/1"}],"replies":[{"embeddable":true,"href":"https:\/\/www.inmobiliarianavarro.com.py\/index.php?rest_route=%2Fwp%2Fv2%2Fcomments&post=16650"}],"version-history":[{"count":35,"href":"https:\/\/www.inmobiliarianavarro.com.py\/index.php?rest_route=\/wp\/v2\/pages\/16650\/revisions"}],"predecessor-version":[{"id":17851,"href":"https:\/\/www.inmobiliarianavarro.com.py\/index.php?rest_route=\/wp\/v2\/pages\/16650\/revisions\/17851"}],"wp:attachment":[{"href":"https:\/\/www.inmobiliarianavarro.com.py\/index.php?rest_route=%2Fwp%2Fv2%2Fmedia&parent=16650"}],"curies":[{"name":"wp","href":"https:\/\/api.w.org\/{rel}","templated":true}]}}